{"id":172,"date":"2019-08-14T20:46:56","date_gmt":"2019-08-14T18:46:56","guid":{"rendered":"http:\/\/familyhome.pl\/?page_id=172"},"modified":"2020-05-04T09:21:20","modified_gmt":"2020-05-04T07:21:20","slug":"standard-wykonczenia","status":"publish","type":"page","link":"http:\/\/familyhome.pl\/index.php\/inwestycje\/ul-laurowa\/standard-wykonczenia\/","title":{"rendered":"Standard wyko\u0144czenia"},"content":{"rendered":"\n<p>Lokale oddawane b\u0119d\u0105 w podwy\u017cszonym\nstanie deweloperskim (elektryczne rolety antyw\u0142amaniowe na parterze,\nelektrycznie otwierana brama gara\u017cowa, schody \u017celbetowe, piec gazowy\ndwufunkcyjny, instalacja kominkowa).<\/p>\n\n\n\n<p>Spe\u0142niamy wymogi izolacyjno\u015bci\nprzegr\u00f3d, kt\u00f3re obowi\u0105zywa\u0107 b\u0119d\u0105 od 2021r.<\/p>\n\n\n\n<p><strong>Szczeg\u00f3\u0142owa specyfikacja:<\/strong><\/p>\n\n\n\n<p><strong>Budowlana<\/strong><\/p>\n\n\n\n<p>&#8211; \u0142awy fundamentowe \u017celbetowe<\/p>\n\n\n\n<p>&#8211; \u015bciany fundamentowe z bloczk\u00f3w\nbetonowych<\/p>\n\n\n\n<p>&#8211; \u015bciany zewn\u0119trzne oraz dzia\u0142owe z\nbloczk\u00f3w silikatowych<\/p>\n\n\n\n<p>&#8211; stropy typu filigran, Teriva,\nRector lub p\u0142yty kana\u0142owe<\/p>\n\n\n\n<p>&#8211; wi\u0119\u017aba dachowa drewniana<\/p>\n\n\n\n<p>&#8211; kominy prefabrykowane systemowe\noraz rury spiro<\/p>\n\n\n\n<p><strong>Izolacje<\/strong><\/p>\n\n\n\n<p>&#8211; hydroizolacja pozioma i pionowa \u015bcian i \u0142aw fundamentowych oraz pozioma posadzki<\/p>\n\n\n\n<p>&#8211; termoizolacja posadzki na\ngruncie: styropian gr. 15cm<\/p>\n\n\n\n<p>&#8211; termoizolacja \u015bcian zewn\u0119trznych:\nstyropian gr. 20cm<\/p>\n\n\n\n<p>&#8211; termoizolacja poddasza: we\u0142na\nmineralna gr. 30cm<\/p>\n\n\n\n<p><strong>Elewacje i dach<\/strong><\/p>\n\n\n\n<p>&#8211; tynk cienkowarstwowy w kolorze\nbia\u0142ym i szarym, bonie w obszarze tynku szarego<\/p>\n\n\n\n<p>&#8211; cok\u00f3\u0142 z tynku \u017cywicznego <\/p>\n\n\n\n<p>&#8211; dach\u00f3wka ceramiczna w kolorze\nantracytowym<\/p>\n\n\n\n<p>&#8211; rynny stalowe, powlekane, kolor antracyt<\/p>\n\n\n\n<p>&#8211; parapety zewn\u0119trzne stalowe,\npowlekane, kolor antracyt<\/p>\n\n\n\n<p>&#8211; obr\u00f3bki blacharskie z blachy\nstalowej, powlekanej, kolor antracyt<\/p>\n\n\n\n<p>&#8211; daszek systemowy nad wej\u015bciem do\nlokalu<\/p>\n\n\n\n<p><strong>Stolarka okienna i drzwiowa<\/strong><\/p>\n\n\n\n<p>&#8211; okna PCV, profil Aluplast, pakiet\n3-szybowy, wsp\u00f3\u0142czynnik&nbsp; Uw \u2264 0,9 W\/(m2 x\nK), kolor zewn\u0119trzny antracyt, wewn\u0119trzny bia\u0142y<\/p>\n\n\n\n<p>&#8211; rolety sterowane elektrycznie na parterze, kolor antracyt<\/p>\n\n\n\n<p>&#8211; brama gara\u017cowa z nap\u0119dem\nelektrycznym sterowana pilotem, kolor antracyt<\/p>\n\n\n\n<p>&#8211; drzwi zewn\u0119trzne stalowe w kolorze antracytowym, wsp\u00f3\u0142czynnik Uw \u2264 1,3 W\/(m2 x K)<\/p>\n\n\n\n<p>&#8211; parapety wewn\u0119trzne z\nkonglomeratu<\/p>\n\n\n\n<p><strong>Instalacje<\/strong><\/p>\n\n\n\n<p>&#8211; instalacja wewn\u0119trzna wodna i kanalizacyjna wraz z wyprowadzeniem wody na ogr\u00f3d (1 zaw\u00f3r czerpalny na elewacji)<\/p>\n\n\n\n<p>&#8211; instalacja gazowa wewn\u0119trzna<\/p>\n\n\n\n<p>&#8211; nowoczesny, kondensacyjny piec gazowy, dwufunkcyjny<\/p>\n\n\n\n<p>&#8211; instalacja C.O. wraz z\ngrzejnikami sterowanymi zaworami termostatycznymi <\/p>\n\n\n\n<p>&#8211; instalacja elektryczna wewn\u0119trzna\nwraz z osprz\u0119tem w kolorze bia\u0142ym<\/p>\n\n\n\n<p>&#8211; oprawa o\u015bwietleniowa z numerem lokalu\nprzy wej\u015bciu<\/p>\n\n\n\n<p>&#8211; wyprowadzenie zasilania pod\ngniazdo na ogrodzie<\/p>\n\n\n\n<p>&#8211; jedno gniazdo internetowe<\/p>\n\n\n\n<p>&#8211; instalacja TV<\/p>\n\n\n\n<p><strong>Wn\u0119trza<\/strong><\/p>\n\n\n\n<p>&#8211; tynki maszynowe gipsowe<\/p>\n\n\n\n<p>&#8211; posadzki cementowe<\/p>\n\n\n\n<p>&#8211; zabudowa sufitu poddasza p\u0142ytami\nG-K<\/p>\n\n\n\n<p><strong>Zagospodarowanie terenu<\/strong><\/p>\n\n\n\n<p>&#8211; ogrodzenie panelowe w granicach\ndzia\u0142ki oraz oddzielaj\u0105ce ogrody<\/p>\n\n\n\n<p>&#8211; brama wjazdowa na dzia\u0142k\u0119 z\nnap\u0119dem elektrycznym sterowanym pilotem<\/p>\n\n\n\n<p>&#8211; furtka wej\u015bciowa na teren dzia\u0142ki<\/p>\n\n\n\n<p>&#8211; droga wewn\u0119trzna wraz z\npodjazdami pod gara\u017ce z kostki betonowej<\/p>\n\n\n\n<p>&#8211; tarasy z kostki betonowej<\/p>\n\n\n\n<p>&#8211; rozplantowana ziemia, zasiana trawa<\/p>\n\n\n\n<BR>\n\n\n\n<p><em>Zastrzegamy sobie prawo do zmiany materia\u0142\u00f3w na r\u00f3wnowa\u017cne, posiadaj\u0105ce co najmniej takie same parametry jak zaproponowane<\/em>.<\/p>\n","protected":false},"excerpt":{"rendered":"<p>Lokale oddawane b\u0119d\u0105 w podwy\u017cszonym stanie deweloperskim (elektryczne rolety antyw\u0142amaniowe na parterze, elektrycznie otwierana brama gara\u017cowa, schody \u017celbetowe, piec gazowy dwufunkcyjny, instalacja kominkowa). Spe\u0142niamy wymogi izolacyjno\u015bci przegr\u00f3d, kt\u00f3re obowi\u0105zywa\u0107 b\u0119d\u0105 od 2021r. Szczeg\u00f3\u0142owa specyfikacja: Budowlana &#8211; \u0142awy fundamentowe \u017celbetowe &#8211; \u015bciany fundamentowe z bloczk\u00f3w betonowych &#8211; \u015bciany zewn\u0119trzne oraz dzia\u0142owe z bloczk\u00f3w silikatowych &#8211; stropy<\/p><\/div>\n<div class=\"blog-btn\"><a href=\"http:\/\/familyhome.pl\/index.php\/inwestycje\/ul-laurowa\/standard-wykonczenia\/\" class=\"home-blog-btn\">Read More<\/a><\/p>\n","protected":false},"author":1,"featured_media":0,"parent":144,"menu_order":2,"comment_status":"closed","ping_status":"closed","template":"","meta":[],"_links":{"self":[{"href":"http:\/\/familyhome.pl\/index.php\/wp-json\/wp\/v2\/pages\/172"}],"collection":[{"href":"http:\/\/familyhome.pl\/index.php\/wp-json\/wp\/v2\/pages"}],"about":[{"href":"http:\/\/familyhome.pl\/index.php\/wp-json\/wp\/v2\/types\/page"}],"author":[{"embeddable":true,"href":"http:\/\/familyhome.pl\/index.php\/wp-json\/wp\/v2\/users\/1"}],"replies":[{"embeddable":true,"href":"http:\/\/familyhome.pl\/index.php\/wp-json\/wp\/v2\/comments?post=172"}],"version-history":[{"count":12,"href":"http:\/\/familyhome.pl\/index.php\/wp-json\/wp\/v2\/pages\/172\/revisions"}],"predecessor-version":[{"id":303,"href":"http:\/\/familyhome.pl\/index.php\/wp-json\/wp\/v2\/pages\/172\/revisions\/303"}],"up":[{"embeddable":true,"href":"http:\/\/familyhome.pl\/index.php\/wp-json\/wp\/v2\/pages\/144"}],"wp:attachment":[{"href":"http:\/\/familyhome.pl\/index.php\/wp-json\/wp\/v2\/media?parent=172"}],"curies":[{"name":"wp","href":"https:\/\/api.w.org\/{rel}","templated":true}]}}