{"id":160,"date":"2019-08-14T20:38:51","date_gmt":"2019-08-14T18:38:51","guid":{"rendered":"http:\/\/familyhome.pl\/?page_id=160"},"modified":"2020-10-14T18:34:24","modified_gmt":"2020-10-14T16:34:24","slug":"lokalizacja","status":"publish","type":"page","link":"http:\/\/familyhome.pl\/index.php\/inwestycje\/ul-laurowa\/lokalizacja\/","title":{"rendered":"Lokalizacja"},"content":{"rendered":"\n<p>Smolec, to malownicza miejscowo\u015b\u0107, w kt\u00f3rej odnajdziesz cisz\u0119 i spok\u00f3j. Jednak gdy zechcesz skorzysta\u0107 z atrakcji du\u017cego miasta, bezpo\u015brednie s\u0105siedztwo Wroc\u0142awia oraz dobra komunikacja Ci to umo\u017cliwi\u0105.<\/p>\n\n\n\n<p>Znajdziesz tu \u017c\u0142obek, przedszkole, szko\u0142\u0119, o\u015brodek zdrowia,\ncentrum sportu, a tak\u017ce wiele sklep\u00f3w m.in. Dino i Biedronk\u0119 oraz restauracj\u0119.<\/p>\n\n\n\n<p>Niezaprzeczalnym atrybutem miejscowo\u015bci jest dobrze rozwini\u0119ta komunikacja (blisko\u015b\u0107 AOW, dworzec PKP, autobusy podmiejskie). <\/p>\n\n\n\n<p><\/p>\n\n\n\n<iframe src=\"https:\/\/www.google.com\/maps\/embed?pb=!1m18!1m12!1m3!1d2506.5542164271114!2d16.890704615803863!3d51.0797786795672!2m3!1f0!2f0!3f0!3m2!1i1024!2i768!4f13.1!3m3!1m2!1s0x470fc0f1c14562a7%3A0x4e71bf4c17d1a58f!2sLaurowa%2C+55-080+Smolec!5e0!3m2!1spl!2spl!4v1565807895427!5m2!1spl!2spl\" width=\"720\" height=\"450\" allowfullscreen=\"\" frameborder=\"0\"><\/iframe>\n","protected":false},"excerpt":{"rendered":"<p>Smolec, to malownicza miejscowo\u015b\u0107, w kt\u00f3rej odnajdziesz cisz\u0119 i spok\u00f3j. Jednak gdy zechcesz skorzysta\u0107 z atrakcji du\u017cego miasta, bezpo\u015brednie s\u0105siedztwo Wroc\u0142awia oraz dobra komunikacja Ci to umo\u017cliwi\u0105. Znajdziesz tu \u017c\u0142obek, przedszkole, szko\u0142\u0119, o\u015brodek zdrowia, centrum sportu, a tak\u017ce wiele sklep\u00f3w m.in. Dino i Biedronk\u0119 oraz restauracj\u0119. Niezaprzeczalnym atrybutem miejscowo\u015bci jest dobrze rozwini\u0119ta komunikacja (blisko\u015b\u0107 AOW,<\/p><\/div>\n<div class=\"blog-btn\"><a href=\"http:\/\/familyhome.pl\/index.php\/inwestycje\/ul-laurowa\/lokalizacja\/\" class=\"home-blog-btn\">Read More<\/a><\/p>\n","protected":false},"author":1,"featured_media":0,"parent":144,"menu_order":1,"comment_status":"closed","ping_status":"closed","template":"","meta":[],"_links":{"self":[{"href":"http:\/\/familyhome.pl\/index.php\/wp-json\/wp\/v2\/pages\/160"}],"collection":[{"href":"http:\/\/familyhome.pl\/index.php\/wp-json\/wp\/v2\/pages"}],"about":[{"href":"http:\/\/familyhome.pl\/index.php\/wp-json\/wp\/v2\/types\/page"}],"author":[{"embeddable":true,"href":"http:\/\/familyhome.pl\/index.php\/wp-json\/wp\/v2\/users\/1"}],"replies":[{"embeddable":true,"href":"http:\/\/familyhome.pl\/index.php\/wp-json\/wp\/v2\/comments?post=160"}],"version-history":[{"count":14,"href":"http:\/\/familyhome.pl\/index.php\/wp-json\/wp\/v2\/pages\/160\/revisions"}],"predecessor-version":[{"id":327,"href":"http:\/\/familyhome.pl\/index.php\/wp-json\/wp\/v2\/pages\/160\/revisions\/327"}],"up":[{"embeddable":true,"href":"http:\/\/familyhome.pl\/index.php\/wp-json\/wp\/v2\/pages\/144"}],"wp:attachment":[{"href":"http:\/\/familyhome.pl\/index.php\/wp-json\/wp\/v2\/media?parent=160"}],"curies":[{"name":"wp","href":"https:\/\/api.w.org\/{rel}","templated":true}]}}